{"id":1746,"date":"2017-03-03T15:09:51","date_gmt":"2017-03-03T14:09:51","guid":{"rendered":"http:\/\/www.lesautographes.com\/?page_id=1746"},"modified":"2020-12-03T14:06:54","modified_gmt":"2020-12-03T13:06:54","slug":"biographie","status":"publish","type":"page","link":"http:\/\/www.lesautographes.com\/?page_id=1746","title":{"rendered":"Biographie"},"content":{"rendered":"<p style=\"text-align: justify;\">Thierry BODIN est n\u00e9 le 20 f\u00e9vrier 1949 \u00e0 Levroux (Indre) dans une famille de m\u00e9gissiers, tanneurs et parcheminiers.<\/p>\n<p style=\"text-align: justify;\">\u00c9tudes \u00e0 Ch\u00e2teauroux puis \u00e0 la Sorbonne\u00a0: licence (1969) et ma\u00eetrise de lettres avec un m\u00e9moire sur <em>Balzac et George Sand<\/em> (1970).<\/p>\n<p style=\"text-align: justify;\">Apr\u00e8s un apprentissage chez le marchand d\u2019autographes G.\u00a0Morssen (1970-1977), il ouvre en 1978 la librairie <em>Les Autographes<\/em>, r\u00e9alise sa premi\u00e8re vente aux ench\u00e8res publiques le 18 avril 1978 et devient expert pr\u00e8s la Compagnie des Commissaires-Priseurs.<\/p>\n<p style=\"text-align: justify;\">Il a depuis 1978 organis\u00e9 de tr\u00e8s nombreuses ventes aux ench\u00e8res publiques et r\u00e9dig\u00e9 leurs catalogues, qui restent des r\u00e9f\u00e9rences\u00a0: la collection Godoy sur Baudelaire, la collection du colonel Sickles [21 ventes], les manuscrits de la <em>Marseillaise<\/em> ou du <em>Bol\u00e9ro<\/em> de Ravel, les archives Abel Gance, la collection Dina Vierny, les archives d\u2019Eug\u00e8ne Delacroix, la collection Rimbaud de Jean Hugues (dont la <em>Lettre du Voyant<\/em>), la biblioth\u00e8que Philippe Zoummeroff, le manuscrit du <em>Voyage au bout de la nuit<\/em> de C\u00e9line, la collection th\u00e9\u00e2trale de Jean Darnel, la collection Sacha Guitry d\u2019Andr\u00e9 Bernard, les archives musicales de la maison Heugel, le fonds Andr\u00e9 Jolivet, les archives Lally-Tolendal, les archives historiques du Pr\u00e9sident Jean de Selve, la collection <em>Femmes<\/em> de Claude de Flers, les archives d\u2019Eug\u00e8ne Labiche, etc.<\/p>\n<p style=\"text-align: justify;\">Il a effectu\u00e9 de nombreuses expertises de collections \u00e0 la demande de grandes biblioth\u00e8ques, de mus\u00e9es ou d\u2019archives, et \u00e0 l\u2019occasion de dations.<\/p>\n<p style=\"text-align: justify;\">Membre du Syndicat de la Librairie ancienne et moderne, il en a \u00e9t\u00e9 vice-pr\u00e9sident de 1995 \u00e0 1997 ; expert pr\u00e8s la Cour d\u2019Appel de Paris de 1992 \u00e0 2008, il a \u00e9t\u00e9 de longues ann\u00e9es Secr\u00e9taire g\u00e9n\u00e9ral du Syndicat Fran\u00e7ais des Experts Professionnels en \u0152uvres d\u2019Art (SFEP), dont il a \u00e9t\u00e9 \u00e9lu Pr\u00e9sident en septembre 2020.<\/p>\n<p style=\"text-align: justify;\">Il a \u00e9t\u00e9 de 1978 \u00e0 2009 Pr\u00e9sident de la Soci\u00e9t\u00e9 des Amis d\u2019Honor\u00e9 de Balzac, devenue en 1987 Soci\u00e9t\u00e9 des Amis d\u2019Honor\u00e9 de Balzac et de la Maison de Balzac, et directeur et r\u00e9dacteur en chef de la revue <em>Le Courrier balzacien<\/em>. Il a r\u00e9alis\u00e9 l\u2019exposition <em>Balzac et le Berry<\/em> \u00e0 la Maison de Balzac, au Ch\u00e2teau de Sach\u00e9 et au Ch\u00e2teau de Nohant, 1980-1981.<\/p>\n<p style=\"text-align: justify;\">Il fut un des commissaires de l\u2019exposition <em>En fran\u00e7ais dans le texte<\/em> \u00e0 la Biblioth\u00e8que Nationale en 1990, et coordinateur de l\u2019ouvrage paru \u00e0 cette occasion\u00a0; un des responsables de la collection <em>La M\u00e9moire de l\u2019Encre<\/em> (Biblioth\u00e8que Nationale \/ Robert Laffont)\u00a0; un des organisateurs du colloque <em>\u00c9rudition et service public<\/em> en hommage \u00e0 Roger Pierrot \u00e0 la Biblioth\u00e8que Nationale le 8 juin 1996. Il a organis\u00e9 l\u2019exposition <em>Le Chant intime, deux si\u00e8cles de m\u00e9lodie fran\u00e7aise<\/em>, au Mus\u00e9e des Beaux-Arts de Tours (ao\u00fbt-septembre 2006). Membre de nombreuses soci\u00e9t\u00e9s savantes, il a \u00e9t\u00e9 \u00e9lu dans plusieurs comit\u00e9s de direction ou de r\u00e9daction de ces soci\u00e9t\u00e9s\u00a0: Groupe d\u2019\u00c9tudes balzaciennes, Amis de George Sand, Amis d\u2019Alfred de Vigny, Amis du Mus\u00e9e national Eug\u00e8ne Delacroix, <em>Bulletin du Bibliophile<\/em>&#8230;<\/p>\n<p style=\"text-align: justify;\">Apr\u00e8s son premier article publi\u00e9 dans <em>L\u2019Ann\u00e9e balzacienne<\/em> en 1968, il a publi\u00e9 de nombreuses \u00e9tudes et des \u00e9ditions critiques de Balzac et George Sand, et de nombreux articles dans des revues savantes et des recueils, principalement sur la litt\u00e9rature du XIX<sup>e<\/sup> si\u00e8cle (notamment Balzac, George Sand et Vigny). Il a particip\u00e9 \u00e0 l\u2019\u00e9dition de Balzac dans la Biblioth\u00e8que de la Pl\u00e9iade. Il collabore \u00e0 la publication de la <em>Correspondance g\u00e9n\u00e9rale d\u2019Alfred de Vigny<\/em> (6 volumes parus), et a publi\u00e9 (avec R. Delage et F. Durif) la <em>Correspondance<\/em> du compositeur Emmanuel Chabrier\u00a0; il pr\u00e9pare, avec Herv\u00e9 Lacombe, l\u2019\u00e9dition de la <em>Correspondance g\u00e9n\u00e9rale<\/em> de Georges Bizet.<\/p>\n<p style=\"text-align: justify;\">Il a publi\u00e9 en 2004 chez Gallimard deux volumes de lettres de George Sand\u00a0: les <em>Lettres retrouv\u00e9es<\/em>, et l\u2019anthologie des <em>Lettres d\u2019une vie<\/em> dans la collection Folio classique. En 2019, avec Claude Schopp, il a \u00e9dit\u00e9 la <em>Correspondance<\/em> de George Sand et d&rsquo;Alexandre Dumas p\u00e8re et fils (Ph\u00e9bus).<\/p>\n<hr \/>\n<div class=\"carousel-slider-outer carousel-slider-outer-images carousel-slider-outer-1719\">\n\t<style type=\"text\/css\">\n            #id-1719 .carousel-slider-nav-icon {\n                fill: #f1f1f1\n            }\n            #id-1719 .carousel-slider-nav-icon:hover {\n                fill: #e87563\n            }\n            #id-1719 .owl-prev,\n            #id-1719 .owl-next,\n            #id-1719 .carousel-slider-nav-icon {\n                height: 48px;\n                width: 48px\n            }\n            #id-1719.arrows-outside .owl-prev {\n                left: -48px\n            }\n            #id-1719.arrows-outside .owl-next {\n                right: -48px\n            }\n        \n\t\t    #id-1719 .owl-dots .owl-dot span {\n                background-color: #f1f1f1;\n                width: 10px;\n                height: 10px;\n            }\n            #id-1719 .owl-dots .owl-dot.active span,\n            #id-1719 .owl-dots .owl-dot:hover span {\n                background-color: #e87563\n            }\n\t\t<\/style>    <div id=\"id-1719\" class=\"owl-carousel carousel-slider arrows-outside arrows-hidden dots-visible-always dots-center dots-square\" data-slide-type=\"image-carousel\" data-margin=\"10\" data-slide-by=\"1\" data-loop=\"true\" data-lazy-load=\"true\" data-stage-padding=\"\" data-auto-width=\"false\" data-dots=\"true\" data-nav=\"false\" data-autoplay=\"true\" data-autoplay-timeout=\"2000\" data-autoplay-speed=\"500\" data-autoplay-hover-pause=\"true\" data-colums=\"2\" data-colums-desktop=\"2\" data-colums-small-desktop=\"2\" data-colums-tablet=\"2\" data-colums-small-tablet=\"2\" data-colums-mobile=\"1\">\n\t\t<div class=\"carousel-slider__item\"><img class=\"owl-lazy\" data-src=\"http:\/\/www.lesautographes.com\/wp-content\/uploads\/2019\/11\/9782752912114-4fa64-195x300.jpg\" width=\"195\" height=\"300\" alt=\"\" \/><\/div><div class=\"carousel-slider__item\"><a href=\"http:\/\/www.gallimard.fr\/Catalogue\/GALLIMARD\/Folio\/Folio-classique\/Lettres-d-une-vie\" target=\"_blank\"><img class=\"owl-lazy\" data-src=\"http:\/\/www.lesautographes.com\/wp-content\/uploads\/2017\/02\/FOLIO-CLASSIQUE-COUV-Sand-Lettres-dune-vie.jpg\" width=\"179\" height=\"300\" alt=\"\" \/><\/a><\/div><div class=\"carousel-slider__item\"><a href=\"http:\/\/www.folio-lesite.fr\/Catalogue\/Folio\/Folio-classique\/Elle-et-Lui\" target=\"_blank\"><img class=\"owl-lazy\" data-src=\"http:\/\/www.lesautographes.com\/wp-content\/uploads\/2017\/02\/Elle-et-lui.jpg\" width=\"180\" height=\"300\" alt=\"\" \/><\/a><\/div><div class=\"carousel-slider__item\"><a href=\"http:\/\/www.gallimard.fr\/Catalogue\/GALLIMARD\/Blanche\/Lettres-retrouvees\" target=\"_blank\"><img class=\"owl-lazy\" data-src=\"http:\/\/www.lesautographes.com\/wp-content\/uploads\/2017\/02\/SAND-Georges-COUV-lettres-retrouvees.jpg\" width=\"178\" height=\"300\" alt=\"\" \/><\/a><\/div><div class=\"carousel-slider__item\"><a href=\"http:\/\/www.classiques-garnier.com\/editions\/index.php?option=com_virtuemart&#038;page=shop.product_details&#038;flypage=flypage_garnier.tpl&#038;product_id=1977&#038;vmcchk=1&#038;Itemid=1\" target=\"_blank\"><img class=\"owl-lazy\" data-src=\"http:\/\/www.lesautographes.com\/wp-content\/uploads\/2017\/02\/AvyMS06.jpg\" width=\"226\" height=\"300\" alt=\"\" \/><\/a><\/div><div class=\"carousel-slider__item\"><a href=\"http:\/\/www.gallimard.fr\/Catalogue\/GALLIMARD\/Albums-Beaux-Livres\/L-Academie-francaise-au-fil-des-lettres\" target=\"_blank\"><img class=\"owl-lazy\" data-src=\"http:\/\/www.lesautographes.com\/wp-content\/uploads\/2017\/02\/A12999.jpg\" width=\"238\" height=\"300\" alt=\"\" \/><\/a><\/div><div class=\"carousel-slider__item\"><a href=\"http:\/\/www.klincksieck.com\/livre\/?GCOI=22520100043680\" target=\"_blank\"><img class=\"owl-lazy\" data-src=\"http:\/\/www.lesautographes.com\/wp-content\/uploads\/2017\/03\/41GFJP7ERRL.jpg\" width=\"188\" height=\"300\" alt=\"\" \/><\/a><\/div>    <\/div><!-- #id-## -->\n<\/div>\n\n","protected":false},"excerpt":{"rendered":"<p>Thierry BODIN est n\u00e9 le 20 f\u00e9vrier 1949 \u00e0 Levroux (Indre) dans une famille de m\u00e9gissiers, tanneurs et parcheminiers. \u00c9tudes \u00e0 Ch\u00e2teauroux puis \u00e0 la Sorbonne\u00a0: licence (1969) et ma\u00eetrise de lettres avec un m\u00e9moire sur Balzac et George Sand (1970). Apr\u00e8s un apprentissage chez le marchand d\u2019autographes G.\u00a0Morssen (1970-1977), il ouvre en 1978 la [&hellip;]<\/p>\n","protected":false},"author":1,"featured_media":0,"parent":0,"menu_order":0,"comment_status":"closed","ping_status":"closed","template":"","meta":{"footnotes":""},"class_list":["post-1746","page","type-page","status-publish","hentry"],"_links":{"self":[{"href":"http:\/\/www.lesautographes.com\/index.php?rest_route=\/wp\/v2\/pages\/1746","targetHints":{"allow":["GET"]}}],"collection":[{"href":"http:\/\/www.lesautographes.com\/index.php?rest_route=\/wp\/v2\/pages"}],"about":[{"href":"http:\/\/www.lesautographes.com\/index.php?rest_route=\/wp\/v2\/types\/page"}],"author":[{"embeddable":true,"href":"http:\/\/www.lesautographes.com\/index.php?rest_route=\/wp\/v2\/users\/1"}],"replies":[{"embeddable":true,"href":"http:\/\/www.lesautographes.com\/index.php?rest_route=%2Fwp%2Fv2%2Fcomments&post=1746"}],"version-history":[{"count":5,"href":"http:\/\/www.lesautographes.com\/index.php?rest_route=\/wp\/v2\/pages\/1746\/revisions"}],"predecessor-version":[{"id":2878,"href":"http:\/\/www.lesautographes.com\/index.php?rest_route=\/wp\/v2\/pages\/1746\/revisions\/2878"}],"wp:attachment":[{"href":"http:\/\/www.lesautographes.com\/index.php?rest_route=%2Fwp%2Fv2%2Fmedia&parent=1746"}],"curies":[{"name":"wp","href":"https:\/\/api.w.org\/{rel}","templated":true}]}}