{"id":1288,"date":"2017-02-02T14:55:25","date_gmt":"2017-02-02T13:55:25","guid":{"rendered":"http:\/\/www.lesautographes.com\/?page_id=1288"},"modified":"2020-12-07T10:51:38","modified_gmt":"2020-12-07T09:51:38","slug":"home","status":"publish","type":"page","link":"http:\/\/www.lesautographes.com\/","title":{"rendered":"Pr\u00e9sentation"},"content":{"rendered":"<p style=\"text-align: justify;\"><span style=\"font-weight: 400;\">Fond\u00e9e en 1978 par Thierry BODIN, la librairie Les Autographes est sp\u00e9cialis\u00e9e dans les lettres et manuscrits autographes, dans les domaines les plus divers, et les documents historiques du moyen-\u00e2ge \u00e0 nos jours.<\/span><\/p>\n<p style=\"text-align: justify;\"><span style=\"font-weight: 400;\">La librairie Les Autographes publie tous les deux ou trois mois un catalogue \u00e0 prix marqu\u00e9s o\u00f9 300 documents sont propos\u00e9s dans tous les domaines et \u00e0 tous les prix. C\u2019est un \u00e9chantillon parmi un large stock de plus de 20 000 documents, s\u00e9v\u00e8rement expertis\u00e9s et soigneusement d\u00e9crits et analys\u00e9s, de toutes les \u00e9poques, et touchant les sujets les plus divers&nbsp;: litt\u00e9rature, histoire, politique, sciences, techniques, voyages, philosophie, religion, beaux-arts, musique, spectacles, etc&#8230;<\/span><\/p>\n<p style=\"text-align: justify;\"><span style=\"font-weight: 400;\">T\u00e9moignages uniques, lettres originales et authentiques, manuscrits et documents, \u00e9crits ou sign\u00e9s par les grands cr\u00e9ateurs ou les personnalit\u00e9s qui ont fait l\u2019histoire, vous attendent \u00e0 la librairie Les Autographes.<\/span><\/p>\n<p style=\"text-align: justify;\"><span style=\"font-weight: 400;\">La librairie Les Autographes organise en outre tr\u00e8s r\u00e9guli\u00e8rement, sous la direction et l\u2019expertise de M. Thierry BODIN, expert mondialement reconnu, des ventes aux ench\u00e8res publiques d\u2019autographes.<\/span><\/p>\n<p style=\"text-align: justify;\"><span style=\"font-weight: 400;\">Thierry BODIN se charge \u00e9galement de l\u2019expertise et de l\u2019estimation des autographes, isol\u00e9s ou en collections, en vue de partages, successions, dations, expositions, ventes, etc&#8230;<\/span><\/p>\n<p style=\"text-align: justify;\"><span style=\"font-weight: 400;\">Thierry Bodin est membre du Syndicat de la Librairie ancienne et moderne (SLAM) et du Syndicat Fran\u00e7ais des Experts professionnels en \u0153uvres d\u2019art (SFEP).<\/span><\/p>\n<p><img loading=\"lazy\" decoding=\"async\" class=\"size-full wp-image-1674 alignnone\" src=\"http:\/\/www.lesautographes.com\/wp-content\/uploads\/2017\/02\/thierry-bodin-2012zestink373-1.jpg\" alt=\"\" width=\"1280\" height=\"988\">\u00a9Louis Monier<\/p>\n<p style=\"text-align: center;\"><a href=\"http:\/\/www.lesautographes.com?page_id=1746\" class=\"medium otw-red round right-icon otw-button\" style=\"background-color: #bb0000;\"><i class=\"general foundicon-plus\"><\/i>BIOGRAPHIE<\/a><\/p>\n<hr>\n<div class=\"carousel-slider-outer carousel-slider-outer-images carousel-slider-outer-2246\">\n\t<style type=\"text\/css\">\n            #id-2246 .carousel-slider-nav-icon {\n                fill: #f1f1f1\n            }\n            #id-2246 .carousel-slider-nav-icon:hover {\n                fill: #00d1b2\n            }\n            #id-2246 .owl-prev,\n            #id-2246 .owl-next,\n            #id-2246 .carousel-slider-nav-icon {\n                height: 48px;\n                width: 48px\n            }\n            #id-2246.arrows-outside .owl-prev {\n                left: -48px\n            }\n            #id-2246.arrows-outside .owl-next {\n                right: -48px\n            }\n        \n\t\t    #id-2246 .owl-dots .owl-dot span {\n                background-color: #f1f1f1;\n                width: 10px;\n                height: 10px;\n            }\n            #id-2246 .owl-dots .owl-dot.active span,\n            #id-2246 .owl-dots .owl-dot:hover span {\n                background-color: #00d1b2\n            }\n\t\t<\/style>    <div id=\"id-2246\" class=\"owl-carousel carousel-slider arrows-outside arrows-visible-hover dots-hidden dots-center dots-square\" data-slide-type=\"image-carousel\" data-margin=\"10\" data-slide-by=\"1\" data-loop=\"true\" data-lazy-load=\"true\" data-stage-padding=\"\" data-auto-width=\"false\" data-dots=\"false\" data-nav=\"true\" data-autoplay=\"true\" data-autoplay-timeout=\"5000\" data-autoplay-speed=\"500\" data-autoplay-hover-pause=\"true\" data-colums=\"4\" data-colums-desktop=\"4\" data-colums-small-desktop=\"4\" data-colums-tablet=\"3\" data-colums-small-tablet=\"2\" data-colums-mobile=\"1\">\n\t\t<div class=\"carousel-slider__item\"><a href=\"http:\/\/www.lesautographes.com\/wp-content\/uploads\/2017\/09\/35-Brasillach.jpg\" class=\"magnific-popup\"><img class=\"owl-lazy\" data-src=\"http:\/\/www.lesautographes.com\/wp-content\/uploads\/2017\/09\/35-Brasillach.jpg\" width=\"1\" height=\"1\" alt=\"\" \/><\/a><\/div><div class=\"carousel-slider__item\"><a href=\"http:\/\/www.lesautographes.com\/wp-content\/uploads\/2017\/09\/34-Brant\u00f4me.jpg\" class=\"magnific-popup\"><img class=\"owl-lazy\" data-src=\"http:\/\/www.lesautographes.com\/wp-content\/uploads\/2017\/09\/34-Brant\u00f4me.jpg\" width=\"1\" height=\"1\" alt=\"\" \/><\/a><\/div><div class=\"carousel-slider__item\"><a href=\"http:\/\/www.lesautographes.com\/wp-content\/uploads\/2017\/09\/60-Charles-IX.jpg\" class=\"magnific-popup\"><img class=\"owl-lazy\" data-src=\"http:\/\/www.lesautographes.com\/wp-content\/uploads\/2017\/09\/60-Charles-IX.jpg\" width=\"1\" height=\"1\" alt=\"\" \/><\/a><\/div><div class=\"carousel-slider__item\"><a href=\"http:\/\/www.lesautographes.com\/wp-content\/uploads\/2017\/09\/90-Delacroix.jpg\" class=\"magnific-popup\"><img class=\"owl-lazy\" data-src=\"http:\/\/www.lesautographes.com\/wp-content\/uploads\/2017\/09\/90-Delacroix.jpg\" width=\"1\" height=\"1\" alt=\"\" \/><\/a><\/div><div class=\"carousel-slider__item\"><a href=\"http:\/\/www.lesautographes.com\/wp-content\/uploads\/2017\/09\/98-Donizetti.jpg\" class=\"magnific-popup\"><img class=\"owl-lazy\" data-src=\"http:\/\/www.lesautographes.com\/wp-content\/uploads\/2017\/09\/98-Donizetti.jpg\" width=\"1\" height=\"1\" alt=\"\" \/><\/a><\/div><div class=\"carousel-slider__item\"><a href=\"http:\/\/www.lesautographes.com\/wp-content\/uploads\/2017\/09\/113-Flaubert.jpg\" class=\"magnific-popup\"><img class=\"owl-lazy\" data-src=\"http:\/\/www.lesautographes.com\/wp-content\/uploads\/2017\/09\/113-Flaubert.jpg\" width=\"1\" height=\"1\" alt=\"\" \/><\/a><\/div><div class=\"carousel-slider__item\"><a href=\"http:\/\/www.lesautographes.com\/wp-content\/uploads\/2017\/09\/131-Gide.jpg\" class=\"magnific-popup\"><img class=\"owl-lazy\" data-src=\"http:\/\/www.lesautographes.com\/wp-content\/uploads\/2017\/09\/131-Gide.jpg\" width=\"1\" height=\"1\" alt=\"\" \/><\/a><\/div><div class=\"carousel-slider__item\"><a href=\"http:\/\/www.lesautographes.com\/wp-content\/uploads\/2017\/09\/163-Lally.jpg\" class=\"magnific-popup\"><img class=\"owl-lazy\" data-src=\"http:\/\/www.lesautographes.com\/wp-content\/uploads\/2017\/09\/163-Lally.jpg\" width=\"1\" height=\"1\" alt=\"\" \/><\/a><\/div><div class=\"carousel-slider__item\"><a href=\"http:\/\/www.lesautographes.com\/wp-content\/uploads\/2017\/09\/179-Lhospital.jpg\" class=\"magnific-popup\"><img class=\"owl-lazy\" data-src=\"http:\/\/www.lesautographes.com\/wp-content\/uploads\/2017\/09\/179-Lhospital.jpg\" width=\"1\" height=\"1\" alt=\"\" \/><\/a><\/div><div class=\"carousel-slider__item\"><a href=\"http:\/\/www.lesautographes.com\/wp-content\/uploads\/2017\/09\/180-Liszt.jpg\" class=\"magnific-popup\"><img class=\"owl-lazy\" data-src=\"http:\/\/www.lesautographes.com\/wp-content\/uploads\/2017\/09\/180-Liszt.jpg\" width=\"1\" height=\"1\" alt=\"\" \/><\/a><\/div><div class=\"carousel-slider__item\"><a href=\"http:\/\/www.lesautographes.com\/wp-content\/uploads\/2017\/09\/264-Saint-Exup\u00e9ry.jpg\" class=\"magnific-popup\"><img class=\"owl-lazy\" data-src=\"http:\/\/www.lesautographes.com\/wp-content\/uploads\/2017\/09\/264-Saint-Exup\u00e9ry.jpg\" width=\"1\" height=\"1\" alt=\"\" \/><\/a><\/div><div class=\"carousel-slider__item\"><a href=\"http:\/\/www.lesautographes.com\/wp-content\/uploads\/2017\/10\/134-Giraudoux.jpg\" class=\"magnific-popup\"><img class=\"owl-lazy\" data-src=\"http:\/\/www.lesautographes.com\/wp-content\/uploads\/2017\/10\/134-Giraudoux-227x300.jpg\" width=\"227\" height=\"300\" alt=\"\" \/><\/a><\/div><div class=\"carousel-slider__item\"><a href=\"http:\/\/www.lesautographes.com\/wp-content\/uploads\/2017\/10\/252-Rilke.jpg\" class=\"magnific-popup\"><img class=\"owl-lazy\" data-src=\"http:\/\/www.lesautographes.com\/wp-content\/uploads\/2017\/10\/252-Rilke.jpg\" width=\"1\" height=\"1\" alt=\"\" \/><\/a><\/div>    <\/div><!-- #id-## -->\n<\/div>\n\n<p>&nbsp;<\/p>\n<hr>\n<div  class=\"lgc-column lgc-grid-parent lgc-grid-50 lgc-tablet-grid-50 lgc-mobile-grid-100 lgc-equal-heights \"><div  class=\"inside-grid-column\">\n<h2 style=\"text-align: left;\">Informations<\/h2>\n<p style=\"text-align: left;\"><a href=\"https:\/\/www.google.fr\/maps\/place\/Les+Autographes\/@48.8470993,2.3238955,17z\/data=!3m1!4b1!4m5!3m4!1s0x47e671d20f973141:0xf8f6168cd4f24700!8m2!3d48.8470993!4d2.3260842\">Les Autographes<\/a><br \/>\n45, rue de l&rsquo;Abb\u00e9 Gr\u00e9goire<br \/>\n75006 PARIS<br \/>\n<a href=\"tel:0145482531\">01 45 48 25 31<\/a><br \/>\n<a href=\"mailto:lesautographes@wanadoo.fr\">lesautographes@wanadoo.fr<\/a><\/p>\n<p><img loading=\"lazy\" decoding=\"async\" class=\"alignnone size-full wp-image-1677\" src=\"http:\/\/www.lesautographes.com\/wp-content\/uploads\/2017\/02\/IMG_3310-1.jpg\" alt=\"\" width=\"2439\" height=\"2029\"\/><\/p>\n<h2 style=\"text-align: left;\">Horaires d&rsquo;ouverture<\/h2>\n<p style=\"text-align: left;\"><strong>Ouvert&nbsp;uniquement&nbsp;sur rendez-vous<\/strong>.<\/p>\n<p style=\"text-align: left;\"><\/p><\/div><\/div>\n<div  class=\"lgc-column lgc-grid-parent lgc-grid-50 lgc-tablet-grid-50 lgc-mobile-grid-100 lgc-equal-heights \"><div  class=\"inside-grid-column\">\n<h2 style=\"text-align: left;\">Contact<\/h2>\n<p style=\"text-align: left;\"><div role=\"form\" class=\"wpcf7\" id=\"wpcf7-f1418-o1\" lang=\"fr-FR\" dir=\"ltr\">\n<div class=\"screen-reader-response\"><\/div>\n<form action=\"\/index.php?rest_route=%2Fwp%2Fv2%2Fpages%2F1288#wpcf7-f1418-o1\" method=\"post\" class=\"wpcf7-form\" novalidate=\"novalidate\">\n<div style=\"display: none;\">\n<input type=\"hidden\" name=\"_wpcf7\" value=\"1418\" \/>\n<input type=\"hidden\" name=\"_wpcf7_version\" value=\"5.1.7\" \/>\n<input type=\"hidden\" name=\"_wpcf7_locale\" value=\"fr_FR\" \/>\n<input type=\"hidden\" name=\"_wpcf7_unit_tag\" value=\"wpcf7-f1418-o1\" \/>\n<input type=\"hidden\" name=\"_wpcf7_container_post\" value=\"0\" \/>\n<input type=\"hidden\" name=\"g-recaptcha-response\" value=\"\" \/>\n<\/div>\n<p><label> Nom<br \/>\n    <span class=\"wpcf7-form-control-wrap your-name\"><input type=\"text\" name=\"your-name\" value=\"\" size=\"40\" class=\"wpcf7-form-control wpcf7-text wpcf7-validates-as-required\" aria-required=\"true\" aria-invalid=\"false\" \/><\/span> <\/label><\/p>\n<p><label> E-mail<br \/>\n    <span class=\"wpcf7-form-control-wrap your-email\"><input type=\"email\" name=\"your-email\" value=\"\" size=\"40\" class=\"wpcf7-form-control wpcf7-text wpcf7-email wpcf7-validates-as-required wpcf7-validates-as-email\" aria-required=\"true\" aria-invalid=\"false\" \/><\/span> <\/label><\/p>\n<p><label> Objet<br \/>\n    <span class=\"wpcf7-form-control-wrap your-subject\"><input type=\"text\" name=\"your-subject\" value=\"\" size=\"40\" class=\"wpcf7-form-control wpcf7-text wpcf7-validates-as-required\" aria-required=\"true\" aria-invalid=\"false\" \/><\/span> <\/label><\/p>\n<p><label> Message<br \/>\n    <span class=\"wpcf7-form-control-wrap your-message\"><textarea name=\"your-message\" cols=\"40\" rows=\"10\" class=\"wpcf7-form-control wpcf7-textarea wpcf7-validates-as-required\" aria-required=\"true\" aria-invalid=\"false\"><\/textarea><\/span> <\/label><\/p>\n\n<p><br \/><br \/>\n<input type=\"submit\" value=\"Envoyer\" class=\"wpcf7-form-control wpcf7-submit\" \/><\/p>\n<div class=\"wpcf7-response-output wpcf7-display-none\"><\/div><\/form><\/div><br \/>\n<\/p><\/div><\/div><div class=\"lgc-clear\"><\/div>\n","protected":false},"excerpt":{"rendered":"<p>Fond\u00e9e en 1978 par Thierry BODIN, la librairie Les Autographes est sp\u00e9cialis\u00e9e dans les lettres et manuscrits autographes, dans les domaines les plus divers, et les documents historiques du moyen-\u00e2ge \u00e0 nos jours. La librairie Les Autographes publie tous les deux ou trois mois un catalogue \u00e0 prix marqu\u00e9s o\u00f9 300 documents sont propos\u00e9s dans [&hellip;]<\/p>\n","protected":false},"author":1,"featured_media":0,"parent":0,"menu_order":0,"comment_status":"closed","ping_status":"closed","template":"","meta":{"footnotes":""},"class_list":["post-1288","page","type-page","status-publish","hentry"],"_links":{"self":[{"href":"http:\/\/www.lesautographes.com\/index.php?rest_route=\/wp\/v2\/pages\/1288","targetHints":{"allow":["GET"]}}],"collection":[{"href":"http:\/\/www.lesautographes.com\/index.php?rest_route=\/wp\/v2\/pages"}],"about":[{"href":"http:\/\/www.lesautographes.com\/index.php?rest_route=\/wp\/v2\/types\/page"}],"author":[{"embeddable":true,"href":"http:\/\/www.lesautographes.com\/index.php?rest_route=\/wp\/v2\/users\/1"}],"replies":[{"embeddable":true,"href":"http:\/\/www.lesautographes.com\/index.php?rest_route=%2Fwp%2Fv2%2Fcomments&post=1288"}],"version-history":[{"count":84,"href":"http:\/\/www.lesautographes.com\/index.php?rest_route=\/wp\/v2\/pages\/1288\/revisions"}],"predecessor-version":[{"id":2907,"href":"http:\/\/www.lesautographes.com\/index.php?rest_route=\/wp\/v2\/pages\/1288\/revisions\/2907"}],"wp:attachment":[{"href":"http:\/\/www.lesautographes.com\/index.php?rest_route=%2Fwp%2Fv2%2Fmedia&parent=1288"}],"curies":[{"name":"wp","href":"https:\/\/api.w.org\/{rel}","templated":true}]}}